{"id":168,"date":"2025-11-05T15:09:43","date_gmt":"2025-11-05T15:09:43","guid":{"rendered":"https:\/\/marbarubeachhouse.com\/?page_id=168"},"modified":"2025-12-02T01:06:09","modified_gmt":"2025-12-02T01:06:09","slug":"almara-restaurante-baru","status":"publish","type":"page","link":"https:\/\/marbarubeachhouse.com\/it\/almara-restaurante-baru\/","title":{"rendered":"Almara Restaurante Bar\u00fa"},"content":{"rendered":"<div data-elementor-type=\"wp-page\" data-elementor-id=\"168\" class=\"elementor elementor-168\" data-elementor-post-type=\"page\">\n\t\t\t\t\t\t<section class=\"elementor-section elementor-top-section elementor-element elementor-element-5566ec30 elementor-section-boxed elementor-section-height-default elementor-section-height-default\" data-id=\"5566ec30\" data-element_type=\"section\" data-settings=\"{&quot;background_background&quot;:&quot;classic&quot;}\">\n\t\t\t\t\t\t<div class=\"elementor-container elementor-column-gap-default\">\n\t\t\t\t\t\t<\/div>\n\t\t<\/section>\n\t\t\t\t<section class=\"elementor-section elementor-top-section elementor-element elementor-element-250821d7 elementor-section-boxed elementor-section-height-default elementor-section-height-default\" data-id=\"250821d7\" data-element_type=\"section\" data-settings=\"{&quot;background_motion_fx_motion_fx_scrolling&quot;:&quot;yes&quot;,&quot;background_background&quot;:&quot;classic&quot;,&quot;background_motion_fx_devices&quot;:[&quot;desktop&quot;,&quot;tablet&quot;,&quot;mobile&quot;]}\">\n\t\t\t\t\t\t\t<div class=\"elementor-background-overlay\"><\/div>\n\t\t\t\t\t\t\t<div class=\"elementor-container elementor-column-gap-default\">\n\t\t\t\t\t<div class=\"elementor-column elementor-col-100 elementor-top-column elementor-element elementor-element-2bf0e1dc\" data-id=\"2bf0e1dc\" data-element_type=\"column\">\n\t\t\t<div class=\"elementor-widget-wrap elementor-element-populated\">\n\t\t\t\t\t\t<div class=\"elementor-element elementor-element-865f0b1 elementor-button-warning elementor-align-left elementor-mobile-align-center elementor-widget elementor-widget-button\" data-id=\"865f0b1\" data-element_type=\"widget\" data-widget_type=\"button.default\">\n\t\t\t\t\t\t\t\t\t\t<a class=\"elementor-button elementor-button-link elementor-size-sm\" href=\"https:\/\/marbarubeachhouse.com\/\">\n\t\t\t\t\t\t<span class=\"elementor-button-content-wrapper\">\n\t\t\t\t\t\t<span class=\"elementor-button-icon\">\n\t\t\t\t<svg aria-hidden=\"true\" class=\"e-font-icon-svg e-fas-angle-double-left\" viewbox=\"0 0 448 512\" xmlns=\"http:\/\/www.w3.org\/2000\/svg\"><path d=\"M223.7 239l136-136c9.4-9.4 24.6-9.4 33.9 0l22.6 22.6c9.4 9.4 9.4 24.6 0 33.9L319.9 256l96.4 96.4c9.4 9.4 9.4 24.6 0 33.9L393.7 409c-9.4 9.4-24.6 9.4-33.9 0l-136-136c-9.5-9.4-9.5-24.6-.1-34zm-192 34l136 136c9.4 9.4 24.6 9.4 33.9 0l22.6-22.6c9.4-9.4 9.4-24.6 0-33.9L127.9 256l96.4-96.4c9.4-9.4 9.4-24.6 0-33.9L201.7 103c-9.4-9.4-24.6-9.4-33.9 0l-136 136c-9.5 9.4-9.5 24.6-.1 34z\"><\/path><\/svg>\t\t\t<\/span>\n\t\t\t\t\t\t\t\t<\/span>\n\t\t\t\t\t<\/a>\n\t\t\t\t\t\t\t\t<\/div>\n\t\t\t\t<div class=\"elementor-element elementor-element-2a4a799f elementor-widget elementor-widget-image\" data-id=\"2a4a799f\" data-element_type=\"widget\" data-settings=\"{&quot;_animation_mobile&quot;:&quot;tada&quot;}\" data-widget_type=\"image.default\">\n\t\t\t\t\t\t\t\t\t\t\t\t\t\t\t\t<a href=\"https:\/\/morgansbarberhouse.com\/\">\n\t\t\t\t\t\t\t<img fetchpriority=\"high\" decoding=\"async\" width=\"1920\" height=\"1080\" src=\"https:\/\/marbarubeachhouse.com\/wp-content\/uploads\/2025\/10\/16-1.webp\" class=\"attachment-full size-full wp-image-121\" alt=\"\" srcset=\"https:\/\/marbarubeachhouse.com\/wp-content\/uploads\/2025\/10\/16-1.webp 1920w, https:\/\/marbarubeachhouse.com\/wp-content\/uploads\/2025\/10\/16-1-500x281.webp 500w, https:\/\/marbarubeachhouse.com\/wp-content\/uploads\/2025\/10\/16-1-1200x675.webp 1200w, https:\/\/marbarubeachhouse.com\/wp-content\/uploads\/2025\/10\/16-1-300x169.webp 300w, https:\/\/marbarubeachhouse.com\/wp-content\/uploads\/2025\/10\/16-1-768x432.webp 768w, https:\/\/marbarubeachhouse.com\/wp-content\/uploads\/2025\/10\/16-1-1536x864.webp 1536w, https:\/\/marbarubeachhouse.com\/wp-content\/uploads\/2025\/10\/16-1-133x75.webp 133w, https:\/\/marbarubeachhouse.com\/wp-content\/uploads\/2025\/10\/16-1-480x270.webp 480w\" sizes=\"(max-width:767px) 480px, (max-width:1920px) 100vw, 1920px\" \/>\t\t\t\t\t\t\t\t<\/a>\n\t\t\t\t\t\t\t\t\t\t\t\t\t\t\t<\/div>\n\t\t\t\t<div class=\"elementor-element elementor-element-83fba0e elementor-widget elementor-widget-heading\" data-id=\"83fba0e\" data-element_type=\"widget\" data-widget_type=\"heading.default\">\n\t\t\t\t\t<h2 class=\"elementor-heading-title elementor-size-default\">Almara <\/h2>\t\t\t\t<\/div>\n\t\t\t\t<div class=\"elementor-element elementor-element-2221c16b elementor-widget elementor-widget-text-editor\" data-id=\"2221c16b\" data-element_type=\"widget\" data-widget_type=\"text-editor.default\">\n\t\t\t\t\t\t\t\t\t<p><strong><span style=\"color: #e8b33d;\">Qui Inizia la Caccia al Tesoro<\/span>\u00a0<\/strong><\/p>\t\t\t\t\t\t\t\t<\/div>\n\t\t\t\t<div class=\"elementor-element elementor-element-362558c7 elementor-widget elementor-widget-spacer\" data-id=\"362558c7\" data-element_type=\"widget\" data-widget_type=\"spacer.default\">\n\t\t\t\t\t\t\t<div class=\"elementor-spacer\">\n\t\t\t<div class=\"elementor-spacer-inner\"><\/div>\n\t\t<\/div>\n\t\t\t\t\t\t<\/div>\n\t\t\t\t<div class=\"elementor-element elementor-element-a3fc6c3 elementor-align-center elementor-button-danger elementor-mobile-align-center elementor-widget elementor-widget-button\" data-id=\"a3fc6c3\" data-element_type=\"widget\" data-widget_type=\"button.default\">\n\t\t\t\t\t\t\t\t\t\t<a class=\"elementor-button elementor-button-link elementor-size-sm\" href=\"https:\/\/marbarubeachhouse.com\/wp-content\/uploads\/2025\/11\/MENU-MAR-BARU-BH-2-3.pdf\" target=\"_blank\">\n\t\t\t\t\t\t<span class=\"elementor-button-content-wrapper\">\n\t\t\t\t\t\t\t\t\t<span class=\"elementor-button-text\">SCARICA IL MENU IN SPAGNOLO<\/span>\n\t\t\t\t\t<\/span>\n\t\t\t\t\t<\/a>\n\t\t\t\t\t\t\t\t<\/div>\n\t\t\t\t<div class=\"elementor-element elementor-element-df4623d elementor-align-center elementor-button-danger elementor-mobile-align-center elementor-widget elementor-widget-button\" data-id=\"df4623d\" data-element_type=\"widget\" data-widget_type=\"button.default\">\n\t\t\t\t\t\t\t\t\t\t<a class=\"elementor-button elementor-button-link elementor-size-sm\" href=\"https:\/\/marbarubeachhouse.com\/wp-content\/uploads\/2025\/11\/MENU-MAR-BARU-BH-INGLES.pdf\" target=\"_blank\">\n\t\t\t\t\t\t<span class=\"elementor-button-content-wrapper\">\n\t\t\t\t\t\t\t\t\t<span class=\"elementor-button-text\">DOWNLOAD MENU  ENGLISH<\/span>\n\t\t\t\t\t<\/span>\n\t\t\t\t\t<\/a>\n\t\t\t\t\t\t\t\t<\/div>\n\t\t\t\t<div class=\"elementor-element elementor-element-63adc7a9 elementor-widget elementor-widget-spacer\" data-id=\"63adc7a9\" data-element_type=\"widget\" data-widget_type=\"spacer.default\">\n\t\t\t\t\t\t\t<div class=\"elementor-spacer\">\n\t\t\t<div class=\"elementor-spacer-inner\"><\/div>\n\t\t<\/div>\n\t\t\t\t\t\t<\/div>\n\t\t\t\t<div class=\"elementor-element elementor-element-571ba1d elementor-widget elementor-widget-image-carousel\" data-id=\"571ba1d\" data-element_type=\"widget\" data-settings=\"{&quot;slides_to_show&quot;:&quot;1&quot;,&quot;navigation&quot;:&quot;none&quot;,&quot;lazyload&quot;:&quot;yes&quot;,&quot;autoplay&quot;:&quot;yes&quot;,&quot;pause_on_hover&quot;:&quot;yes&quot;,&quot;pause_on_interaction&quot;:&quot;yes&quot;,&quot;autoplay_speed&quot;:5000,&quot;infinite&quot;:&quot;yes&quot;,&quot;effect&quot;:&quot;slide&quot;,&quot;speed&quot;:500}\" data-widget_type=\"image-carousel.default\">\n\t\t\t\t\t\t\t<div class=\"elementor-image-carousel-wrapper swiper\" role=\"region\" aria-roledescription=\"carousel\" aria-label=\"Carrusel de im\u00e1genes\" dir=\"ltr\">\n\t\t\t<div class=\"elementor-image-carousel swiper-wrapper\" aria-live=\"off\">\n\t\t\t\t\t\t\t\t<div class=\"swiper-slide\" role=\"group\" aria-roledescription=\"slide\" aria-label=\"1 of 5\" data-no-translation-aria-label=\"\"><figure class=\"swiper-slide-inner\"><img class=\"swiper-slide-image swiper-lazy\" data-src=\"https:\/\/marbarubeachhouse.com\/wp-content\/uploads\/2025\/10\/6-500x500.webp\" alt=\"6\" \/><div class=\"swiper-lazy-preloader\"><\/div><\/figure><\/div><div class=\"swiper-slide\" role=\"group\" aria-roledescription=\"slide\" aria-label=\"2 of 5\" data-no-translation-aria-label=\"\"><figure class=\"swiper-slide-inner\"><img class=\"swiper-slide-image swiper-lazy\" data-src=\"https:\/\/marbarubeachhouse.com\/wp-content\/uploads\/2025\/10\/15-500x500.webp\" alt=\"15\" \/><div class=\"swiper-lazy-preloader\"><\/div><\/figure><\/div><div class=\"swiper-slide\" role=\"group\" aria-roledescription=\"slide\" aria-label=\"3 of 5\" data-no-translation-aria-label=\"\"><figure class=\"swiper-slide-inner\"><img class=\"swiper-slide-image swiper-lazy\" data-src=\"https:\/\/marbarubeachhouse.com\/wp-content\/uploads\/2025\/10\/17-500x500.webp\" alt=\"17\" \/><div class=\"swiper-lazy-preloader\"><\/div><\/figure><\/div><div class=\"swiper-slide\" role=\"group\" aria-roledescription=\"slide\" aria-label=\"4 of 5\" data-no-translation-aria-label=\"\"><figure class=\"swiper-slide-inner\"><img class=\"swiper-slide-image swiper-lazy\" data-src=\"https:\/\/marbarubeachhouse.com\/wp-content\/uploads\/2025\/10\/12-500x500.webp\" alt=\"12\" \/><div class=\"swiper-lazy-preloader\"><\/div><\/figure><\/div><div class=\"swiper-slide\" role=\"group\" aria-roledescription=\"slide\" aria-label=\"5 of 5\" data-no-translation-aria-label=\"\"><figure class=\"swiper-slide-inner\"><img class=\"swiper-slide-image swiper-lazy\" data-src=\"https:\/\/marbarubeachhouse.com\/wp-content\/uploads\/2025\/10\/14-500x500.webp\" alt=\"14\" \/><div class=\"swiper-lazy-preloader\"><\/div><\/figure><\/div>\t\t\t<\/div>\n\t\t\t\t\t\t\t\n\t\t\t\t\t\t\t\t\t<\/div>\n\t\t\t\t\t\t<\/div>\n\t\t\t\t<div class=\"elementor-element elementor-element-31866f85 elementor-align-center elementor-button-danger elementor-mobile-align-center elementor-widget elementor-widget-button\" data-id=\"31866f85\" data-element_type=\"widget\" data-widget_type=\"button.default\">\n\t\t\t\t\t\t\t\t\t\t<a class=\"elementor-button elementor-button-link elementor-size-sm\" href=\"https:\/\/www.google.com\/maps\/dir\/\/Mar+Bar%C3%BA+Beach+House+Playa+Tranquila+Bar%C3%BA,+Provincia+de+Cartagena,+Bol%C3%ADvar\/@10.2337613,-75.6049855,3527m\/data=!3m1!1e3!4m8!4m7!1m0!1m5!1m1!1s0x8e58832f0bc67205:0x2791f4ac3e4fa8c1!2m2!1d-75.6049855!2d10.2337613?entry=ttu&#038;g_ep=EgoyMDI1MTEwMi4wIKXMDSoASAFQAw%3D%3D\" target=\"_blank\">\n\t\t\t\t\t\t<span class=\"elementor-button-content-wrapper\">\n\t\t\t\t\t\t<span class=\"elementor-button-icon\">\n\t\t\t\t<svg aria-hidden=\"true\" class=\"e-font-icon-svg e-fas-map-marker-alt\" viewbox=\"0 0 384 512\" xmlns=\"http:\/\/www.w3.org\/2000\/svg\"><path d=\"M172.268 501.67C26.97 291.031 0 269.413 0 192 0 85.961 85.961 0 192 0s192 85.961 192 192c0 77.413-26.97 99.031-172.268 309.67-9.535 13.774-29.93 13.773-39.464 0zM192 272c44.183 0 80-35.817 80-80s-35.817-80-80-80-80 35.817-80 80 35.817 80 80 80z\"><\/path><\/svg>\t\t\t<\/span>\n\t\t\t\t\t\t\t\t\t<span class=\"elementor-button-text\">COME ARRIVARE A BAR\u00da<\/span>\n\t\t\t\t\t<\/span>\n\t\t\t\t\t<\/a>\n\t\t\t\t\t\t\t\t<\/div>\n\t\t\t\t<div class=\"elementor-element elementor-element-776e6e1d elementor-align-center elementor-mobile-align-center elementor-button-danger animated-slow elementor-invisible elementor-widget elementor-widget-button\" data-id=\"776e6e1d\" data-element_type=\"widget\" data-settings=\"{&quot;_animation&quot;:&quot;zoomInUp&quot;}\" data-widget_type=\"button.default\">\n\t\t\t\t\t\t\t\t\t\t<a class=\"elementor-button elementor-button-link elementor-size-sm\" href=\"https:\/\/wa.me\/57573117422265\" target=\"_blank\">\n\t\t\t\t\t\t<span class=\"elementor-button-content-wrapper\">\n\t\t\t\t\t\t<span class=\"elementor-button-icon\">\n\t\t\t\t<svg aria-hidden=\"true\" class=\"e-font-icon-svg e-fas-calendar-check\" viewbox=\"0 0 448 512\" xmlns=\"http:\/\/www.w3.org\/2000\/svg\"><path d=\"M436 160H12c-6.627 0-12-5.373-12-12v-36c0-26.51 21.49-48 48-48h48V12c0-6.627 5.373-12 12-12h40c6.627 0 12 5.373 12 12v52h128V12c0-6.627 5.373-12 12-12h40c6.627 0 12 5.373 12 12v52h48c26.51 0 48 21.49 48 48v36c0 6.627-5.373 12-12 12zM12 192h424c6.627 0 12 5.373 12 12v260c0 26.51-21.49 48-48 48H48c-26.51 0-48-21.49-48-48V204c0-6.627 5.373-12 12-12zm333.296 95.947l-28.169-28.398c-4.667-4.705-12.265-4.736-16.97-.068L194.12 364.665l-45.98-46.352c-4.667-4.705-12.266-4.736-16.971-.068l-28.397 28.17c-4.705 4.667-4.736 12.265-.068 16.97l82.601 83.269c4.667 4.705 12.265 4.736 16.97.068l142.953-141.805c4.705-4.667 4.736-12.265.068-16.97z\"><\/path><\/svg>\t\t\t<\/span>\n\t\t\t\t\t\t\t\t\t<span class=\"elementor-button-text\">\ud83d\udd25PRENOTA LA TUA ESPERIENZA AD ALMARA<\/span>\n\t\t\t\t\t<\/span>\n\t\t\t\t\t<\/a>\n\t\t\t\t\t\t\t\t<\/div>\n\t\t\t\t<div class=\"elementor-element elementor-element-445a7b89 elementor-widget elementor-widget-google_maps\" data-id=\"445a7b89\" data-element_type=\"widget\" data-widget_type=\"google_maps.default\">\n\t\t\t\t\t\t\t<div class=\"elementor-custom-embed\">\n\t\t\t<iframe loading=\"lazy\"\n\t\t\t\t\tsrc=\"https:\/\/maps.google.com\/maps?q=Mar%20baru%20beach%20house%20&#038;t=m&#038;z=15&#038;output=embed&#038;iwloc=near\"\n\t\t\t\t\ttitle=\"Mar baru beach house \"\n\t\t\t\t\taria-label=\"Mar baru beach house \"\n\t\t\t><\/iframe>\n\t\t<\/div>\n\t\t\t\t\t\t<\/div>\n\t\t\t\t<div class=\"elementor-element elementor-element-6d77562 elementor-widget elementor-widget-spacer\" data-id=\"6d77562\" data-element_type=\"widget\" data-widget_type=\"spacer.default\">\n\t\t\t\t\t\t\t<div class=\"elementor-spacer\">\n\t\t\t<div class=\"elementor-spacer-inner\"><\/div>\n\t\t<\/div>\n\t\t\t\t\t\t<\/div>\n\t\t\t\t<div class=\"elementor-element elementor-element-59c43bf4 elementor-widget elementor-widget-spacer\" data-id=\"59c43bf4\" data-element_type=\"widget\" data-widget_type=\"spacer.default\">\n\t\t\t\t\t\t\t<div class=\"elementor-spacer\">\n\t\t\t<div class=\"elementor-spacer-inner\"><\/div>\n\t\t<\/div>\n\t\t\t\t\t\t<\/div>\n\t\t\t\t<div class=\"elementor-element elementor-element-771ecc16 elementor-widget elementor-widget-spacer\" data-id=\"771ecc16\" data-element_type=\"widget\" data-widget_type=\"spacer.default\">\n\t\t\t\t\t\t\t<div class=\"elementor-spacer\">\n\t\t\t<div class=\"elementor-spacer-inner\"><\/div>\n\t\t<\/div>\n\t\t\t\t\t\t<\/div>\n\t\t\t\t\t<\/div>\n\t\t<\/div>\n\t\t\t\t\t<\/div>\n\t\t<\/section>\n\t\t\t\t<section class=\"elementor-section elementor-top-section elementor-element elementor-element-3d3e84e0 elementor-section-boxed elementor-section-height-default elementor-section-height-default\" data-id=\"3d3e84e0\" data-element_type=\"section\" data-settings=\"{&quot;background_motion_fx_translateY_effect&quot;:&quot;yes&quot;,&quot;background_motion_fx_translateY_speed&quot;:{&quot;unit&quot;:&quot;px&quot;,&quot;size&quot;:4.9,&quot;sizes&quot;:[]},&quot;background_motion_fx_translateX_effect&quot;:&quot;yes&quot;,&quot;background_motion_fx_translateY_affectedRange&quot;:{&quot;unit&quot;:&quot;%&quot;,&quot;size&quot;:&quot;&quot;,&quot;sizes&quot;:{&quot;start&quot;:0,&quot;end&quot;:100}},&quot;background_motion_fx_translateX_speed&quot;:{&quot;unit&quot;:&quot;px&quot;,&quot;size&quot;:4,&quot;sizes&quot;:[]},&quot;background_motion_fx_translateX_affectedRange&quot;:{&quot;unit&quot;:&quot;%&quot;,&quot;size&quot;:&quot;&quot;,&quot;sizes&quot;:{&quot;start&quot;:0,&quot;end&quot;:100}},&quot;background_motion_fx_devices&quot;:[&quot;desktop&quot;,&quot;tablet&quot;,&quot;mobile&quot;]}\">\n\t\t\t\t\t\t\t<div class=\"elementor-background-overlay\"><\/div>\n\t\t\t\t\t\t\t<div class=\"elementor-container elementor-column-gap-default\">\n\t\t\t\t\t<div class=\"elementor-column elementor-col-100 elementor-top-column elementor-element elementor-element-53a27172\" data-id=\"53a27172\" data-element_type=\"column\">\n\t\t\t<div class=\"elementor-widget-wrap elementor-element-populated\">\n\t\t\t\t\t\t<div class=\"elementor-element elementor-element-1d1c7975 elementor-widget elementor-widget-spacer\" data-id=\"1d1c7975\" data-element_type=\"widget\" data-widget_type=\"spacer.default\">\n\t\t\t\t\t\t\t<div class=\"elementor-spacer\">\n\t\t\t<div class=\"elementor-spacer-inner\"><\/div>\n\t\t<\/div>\n\t\t\t\t\t\t<\/div>\n\t\t\t\t<div class=\"elementor-element elementor-element-1a5f7c0a elementor-widget elementor-widget-text-editor\" data-id=\"1a5f7c0a\" data-element_type=\"widget\" data-widget_type=\"text-editor.default\">\n\t\t\t\t\t\t\t\t\t<p style=\"text-align: center;\"><strong>\u00a9 2025 | Todos los derechos reservados | Hecho con\u00a0 &lt;3 By <\/strong><a href=\"https:\/\/Maowmartello.pro\"><strong>Maowmartello.pro<\/strong><\/a><\/p>\t\t\t\t\t\t\t\t<\/div>\n\t\t\t\t<div class=\"elementor-element elementor-element-5a05bf31 elementor-widget elementor-widget-spacer\" data-id=\"5a05bf31\" data-element_type=\"widget\" data-widget_type=\"spacer.default\">\n\t\t\t\t\t\t\t<div class=\"elementor-spacer\">\n\t\t\t<div class=\"elementor-spacer-inner\"><\/div>\n\t\t<\/div>\n\t\t\t\t\t\t<\/div>\n\t\t\t\t\t<\/div>\n\t\t<\/div>\n\t\t\t\t\t<\/div>\n\t\t<\/section>\n\t\t\t\t<\/div>","protected":false},"excerpt":{"rendered":"<p>Almara Aqu\u00ed comienza la b\u00fasqueda del Tesoro\u00a0 DESCARGAR MEN\u00da ESPA\u00d1OL DOWNLOAD MENU ENGLISH C\u00d3MO LLEGAR EN BAR\u00da \ud83d\udd25RESERVA TU EXPERIENCIA EN ALMARA \u00a9 2025 | Todos<span class=\"excerpt-hellip\"> [\u2026]<\/span><\/p>","protected":false},"author":1,"featured_media":0,"parent":0,"menu_order":0,"comment_status":"closed","ping_status":"closed","template":"elementor_canvas","meta":{"footnotes":""},"class_list":["post-168","page","type-page","status-publish","hentry"],"yoast_head":"<!-- This site is optimized with the Yoast SEO Premium plugin v25.8 (Yoast SEO v26.5) - https:\/\/yoast.com\/wordpress\/plugins\/seo\/ -->\n<title>Almara Restaurante Bar\u00fa - Mar Bar\u00fa Beach House<\/title>\n<meta name=\"robots\" content=\"index, follow, max-snippet:-1, max-image-preview:large, max-video-preview:-1\" \/>\n<link rel=\"canonical\" href=\"https:\/\/marbarubeachhouse.com\/it\/almara-restaurante-baru\/\" \/>\n<meta property=\"og:locale\" content=\"it_IT\" \/>\n<meta property=\"og:type\" content=\"article\" \/>\n<meta property=\"og:title\" content=\"Almara Restaurante Bar\u00fa\" \/>\n<meta property=\"og:description\" content=\"Almara Aqu\u00ed comienza la b\u00fasqueda del Tesoro\u00a0 DESCARGAR MEN\u00da ESPA\u00d1OL DOWNLOAD MENU ENGLISH C\u00d3MO LLEGAR EN BAR\u00da \ud83d\udd25RESERVA TU EXPERIENCIA EN ALMARA \u00a9 2025 | Todos [\u2026]\" \/>\n<meta property=\"og:url\" content=\"https:\/\/marbarubeachhouse.com\/it\/almara-restaurante-baru\/\" \/>\n<meta property=\"og:site_name\" content=\"Mar Bar\u00fa Beach House\" \/>\n<meta property=\"article:publisher\" content=\"https:\/\/www.facebook.com\/profile.php?id=61581508221290\" \/>\n<meta property=\"article:modified_time\" content=\"2025-12-02T01:06:09+00:00\" \/>\n<meta property=\"og:image\" content=\"https:\/\/marbarubeachhouse.com\/wp-content\/uploads\/2025\/10\/16-1.webp\" \/>\n\t<meta property=\"og:image:width\" content=\"1920\" \/>\n\t<meta property=\"og:image:height\" content=\"1080\" \/>\n\t<meta property=\"og:image:type\" content=\"image\/webp\" \/>\n<meta name=\"twitter:card\" content=\"summary_large_image\" \/>\n<script type=\"application\/ld+json\" class=\"yoast-schema-graph\">{\"@context\":\"https:\/\/schema.org\",\"@graph\":[{\"@type\":\"WebPage\",\"@id\":\"https:\/\/marbarubeachhouse.com\/almara-restaurante-baru\/\",\"url\":\"https:\/\/marbarubeachhouse.com\/almara-restaurante-baru\/\",\"name\":\"Almara Restaurante Bar\u00fa - Mar Bar\u00fa Beach House\",\"isPartOf\":{\"@id\":\"https:\/\/marbarubeachhouse.com\/#website\"},\"primaryImageOfPage\":{\"@id\":\"https:\/\/marbarubeachhouse.com\/almara-restaurante-baru\/#primaryimage\"},\"image\":{\"@id\":\"https:\/\/marbarubeachhouse.com\/almara-restaurante-baru\/#primaryimage\"},\"thumbnailUrl\":\"https:\/\/marbarubeachhouse.com\/wp-content\/uploads\/2025\/10\/16-1.webp\",\"datePublished\":\"2025-11-05T15:09:43+00:00\",\"dateModified\":\"2025-12-02T01:06:09+00:00\",\"breadcrumb\":{\"@id\":\"https:\/\/marbarubeachhouse.com\/almara-restaurante-baru\/#breadcrumb\"},\"inLanguage\":\"it-IT\",\"potentialAction\":[{\"@type\":\"ReadAction\",\"target\":[\"https:\/\/marbarubeachhouse.com\/almara-restaurante-baru\/\"]}]},{\"@type\":\"ImageObject\",\"inLanguage\":\"it-IT\",\"@id\":\"https:\/\/marbarubeachhouse.com\/almara-restaurante-baru\/#primaryimage\",\"url\":\"https:\/\/marbarubeachhouse.com\/wp-content\/uploads\/2025\/10\/16-1.webp\",\"contentUrl\":\"https:\/\/marbarubeachhouse.com\/wp-content\/uploads\/2025\/10\/16-1.webp\"},{\"@type\":\"BreadcrumbList\",\"@id\":\"https:\/\/marbarubeachhouse.com\/almara-restaurante-baru\/#breadcrumb\",\"itemListElement\":[{\"@type\":\"ListItem\",\"position\":1,\"name\":\"Inicio\",\"item\":\"https:\/\/marbarubeachhouse.com\/\"},{\"@type\":\"ListItem\",\"position\":2,\"name\":\"Almara Restaurante Bar\u00fa\"}]},{\"@type\":\"WebSite\",\"@id\":\"https:\/\/marbarubeachhouse.com\/#website\",\"url\":\"https:\/\/marbarubeachhouse.com\/\",\"name\":\"Marbaru Beach House | Hotel Boutique Frente al Mar en Bar\u00fa\",\"description\":\"Disfruta de la conexi\u00f3n!\",\"publisher\":{\"@id\":\"https:\/\/marbarubeachhouse.com\/#organization\"},\"potentialAction\":[{\"@type\":\"SearchAction\",\"target\":{\"@type\":\"EntryPoint\",\"urlTemplate\":\"https:\/\/marbarubeachhouse.com\/?s={search_term_string}\"},\"query-input\":{\"@type\":\"PropertyValueSpecification\",\"valueRequired\":true,\"valueName\":\"search_term_string\"}}],\"inLanguage\":\"it-IT\"},{\"@type\":\"Organization\",\"@id\":\"https:\/\/marbarubeachhouse.com\/#organization\",\"name\":\"Mar Bar\u00fa Beach House\",\"url\":\"https:\/\/marbarubeachhouse.com\/\",\"logo\":{\"@type\":\"ImageObject\",\"inLanguage\":\"it-IT\",\"@id\":\"https:\/\/marbarubeachhouse.com\/#\/schema\/logo\/image\/\",\"url\":\"https:\/\/marbarubeachhouse.com\/wp-content\/uploads\/2025\/12\/LOGO-AH-475-x-258-px.png\",\"contentUrl\":\"https:\/\/marbarubeachhouse.com\/wp-content\/uploads\/2025\/12\/LOGO-AH-475-x-258-px.png\",\"width\":297,\"height\":161,\"caption\":\"Mar Bar\u00fa Beach House\"},\"image\":{\"@id\":\"https:\/\/marbarubeachhouse.com\/#\/schema\/logo\/image\/\"},\"sameAs\":[\"https:\/\/www.facebook.com\/profile.php?id=61581508221290\",\"https:\/\/www.instagram.com\/marbaru.bh\/\",\"https:\/\/www.tiktok.com\/@marbaru.bh\"]}]}<\/script>\n<!-- \/ Yoast SEO Premium plugin. -->","yoast_head_json":{"title":"Almara Restaurante Bar\u00fa - Mar Bar\u00fa Beach House","robots":{"index":"index","follow":"follow","max-snippet":"max-snippet:-1","max-image-preview":"max-image-preview:large","max-video-preview":"max-video-preview:-1"},"canonical":"https:\/\/marbarubeachhouse.com\/it\/almara-restaurante-baru\/","og_locale":"it_IT","og_type":"article","og_title":"Almara Restaurante Bar\u00fa","og_description":"Almara Aqu\u00ed comienza la b\u00fasqueda del Tesoro\u00a0 DESCARGAR MEN\u00da ESPA\u00d1OL DOWNLOAD MENU ENGLISH C\u00d3MO LLEGAR EN BAR\u00da \ud83d\udd25RESERVA TU EXPERIENCIA EN ALMARA \u00a9 2025 | Todos [\u2026]","og_url":"https:\/\/marbarubeachhouse.com\/it\/almara-restaurante-baru\/","og_site_name":"Mar Bar\u00fa Beach House","article_publisher":"https:\/\/www.facebook.com\/profile.php?id=61581508221290","article_modified_time":"2025-12-02T01:06:09+00:00","og_image":[{"width":1920,"height":1080,"url":"https:\/\/marbarubeachhouse.com\/wp-content\/uploads\/2025\/10\/16-1.webp","type":"image\/webp"}],"twitter_card":"summary_large_image","schema":{"@context":"https:\/\/schema.org","@graph":[{"@type":"WebPage","@id":"https:\/\/marbarubeachhouse.com\/almara-restaurante-baru\/","url":"https:\/\/marbarubeachhouse.com\/almara-restaurante-baru\/","name":"Almara Restaurante Bar\u00fa - Mar Bar\u00fa Beach House","isPartOf":{"@id":"https:\/\/marbarubeachhouse.com\/#website"},"primaryImageOfPage":{"@id":"https:\/\/marbarubeachhouse.com\/almara-restaurante-baru\/#primaryimage"},"image":{"@id":"https:\/\/marbarubeachhouse.com\/almara-restaurante-baru\/#primaryimage"},"thumbnailUrl":"https:\/\/marbarubeachhouse.com\/wp-content\/uploads\/2025\/10\/16-1.webp","datePublished":"2025-11-05T15:09:43+00:00","dateModified":"2025-12-02T01:06:09+00:00","breadcrumb":{"@id":"https:\/\/marbarubeachhouse.com\/almara-restaurante-baru\/#breadcrumb"},"inLanguage":"it-IT","potentialAction":[{"@type":"ReadAction","target":["https:\/\/marbarubeachhouse.com\/almara-restaurante-baru\/"]}]},{"@type":"ImageObject","inLanguage":"it-IT","@id":"https:\/\/marbarubeachhouse.com\/almara-restaurante-baru\/#primaryimage","url":"https:\/\/marbarubeachhouse.com\/wp-content\/uploads\/2025\/10\/16-1.webp","contentUrl":"https:\/\/marbarubeachhouse.com\/wp-content\/uploads\/2025\/10\/16-1.webp"},{"@type":"BreadcrumbList","@id":"https:\/\/marbarubeachhouse.com\/almara-restaurante-baru\/#breadcrumb","itemListElement":[{"@type":"ListItem","position":1,"name":"Inicio","item":"https:\/\/marbarubeachhouse.com\/"},{"@type":"ListItem","position":2,"name":"Almara Restaurante Bar\u00fa"}]},{"@type":"WebSite","@id":"https:\/\/marbarubeachhouse.com\/#website","url":"https:\/\/marbarubeachhouse.com\/","name":"Marbaru Beach House | Hotel Boutique Frente al Mar en Bar\u00fa","description":"Goditi la connessione!","publisher":{"@id":"https:\/\/marbarubeachhouse.com\/#organization"},"potentialAction":[{"@type":"SearchAction","target":{"@type":"EntryPoint","urlTemplate":"https:\/\/marbarubeachhouse.com\/?s={search_term_string}"},"query-input":{"@type":"PropertyValueSpecification","valueRequired":true,"valueName":"search_term_string"}}],"inLanguage":"it-IT"},{"@type":"Organization","@id":"https:\/\/marbarubeachhouse.com\/#organization","name":"Mar Bar\u00fa Beach House","url":"https:\/\/marbarubeachhouse.com\/","logo":{"@type":"ImageObject","inLanguage":"it-IT","@id":"https:\/\/marbarubeachhouse.com\/#\/schema\/logo\/image\/","url":"https:\/\/marbarubeachhouse.com\/wp-content\/uploads\/2025\/12\/LOGO-AH-475-x-258-px.png","contentUrl":"https:\/\/marbarubeachhouse.com\/wp-content\/uploads\/2025\/12\/LOGO-AH-475-x-258-px.png","width":297,"height":161,"caption":"Mar Bar\u00fa Beach House"},"image":{"@id":"https:\/\/marbarubeachhouse.com\/#\/schema\/logo\/image\/"},"sameAs":["https:\/\/www.facebook.com\/profile.php?id=61581508221290","https:\/\/www.instagram.com\/marbaru.bh\/","https:\/\/www.tiktok.com\/@marbaru.bh"]}]}},"_hostinger_reach_plugin_has_subscription_block":false,"_hostinger_reach_plugin_is_elementor":false,"_links":{"self":[{"href":"https:\/\/marbarubeachhouse.com\/it\/wp-json\/wp\/v2\/pages\/168","targetHints":{"allow":["GET"]}}],"collection":[{"href":"https:\/\/marbarubeachhouse.com\/it\/wp-json\/wp\/v2\/pages"}],"about":[{"href":"https:\/\/marbarubeachhouse.com\/it\/wp-json\/wp\/v2\/types\/page"}],"author":[{"embeddable":true,"href":"https:\/\/marbarubeachhouse.com\/it\/wp-json\/wp\/v2\/users\/1"}],"replies":[{"embeddable":true,"href":"https:\/\/marbarubeachhouse.com\/it\/wp-json\/wp\/v2\/comments?post=168"}],"version-history":[{"count":34,"href":"https:\/\/marbarubeachhouse.com\/it\/wp-json\/wp\/v2\/pages\/168\/revisions"}],"predecessor-version":[{"id":256,"href":"https:\/\/marbarubeachhouse.com\/it\/wp-json\/wp\/v2\/pages\/168\/revisions\/256"}],"wp:attachment":[{"href":"https:\/\/marbarubeachhouse.com\/it\/wp-json\/wp\/v2\/media?parent=168"}],"curies":[{"name":"wp","href":"https:\/\/api.w.org\/{rel}","templated":true}]}}